{"id":2,"date":"2016-05-10T03:48:21","date_gmt":"2016-05-10T03:48:21","guid":{"rendered":"http:\/\/image-trackers.de\/?page_id=2"},"modified":"2019-07-03T07:14:47","modified_gmt":"2019-07-03T07:14:47","slug":"sample-page","status":"publish","type":"page","link":"https:\/\/image-trackers.de\/?page_id=2","title":{"rendered":"Events"},"content":{"rendered":"\n<p class=\"has-medium-font-size\"><strong>Aktionen, Fotogespr\u00e4che und Work-Shops<\/strong><\/p>\n\n\n\n<p>Die Teilnehmerzahl bei den Work-Shops ist auf max. 8 Teilnehmer, die Model-Shootings auf 6 Teilnehmer begrenzt! <\/p>\n\n\n\n<p>Dauer der Work-Shops: 11 bis ca. 18 Uhr<\/p>\n\n\n\n<p>Kosten: 39 \u20ac pro Teilnehmer<\/p>\n\n\n\n<p>Model-Shootings: 25 \u20ac zuz\u00fcglich Anteil Model-Kosten<\/p>\n\n\n\n<p class=\"has-medium-font-size\">Termine:<\/p>\n\n\n\n<p><\/p>\n\n\n\n<p><\/p>\n\n\n\n<p><\/p>\n\n\n\n<p>Sa&nbsp;&nbsp;&nbsp;&nbsp;&nbsp;&nbsp;&nbsp;&nbsp; 05.07.2019&nbsp;&nbsp;&nbsp;&nbsp;&nbsp;&nbsp;&nbsp;&nbsp;&nbsp;&nbsp;&nbsp;&nbsp;&nbsp;&nbsp;&nbsp;&nbsp;&nbsp;&nbsp;&nbsp;&nbsp;&nbsp; Modell-Shooting im Studio<\/p>\n\n\n\n<p>Sa&nbsp;&nbsp;&nbsp;&nbsp;&nbsp;&nbsp;&nbsp;&nbsp; 13.07.2019&nbsp;&nbsp;&nbsp;&nbsp;&nbsp;&nbsp;&nbsp;&nbsp;&nbsp;&nbsp;&nbsp;&nbsp;&nbsp;&nbsp;&nbsp;&nbsp;&nbsp;&nbsp;&nbsp;&nbsp;&nbsp; Einf. in die Produktfotografie<\/p>\n\n\n\n<p><\/p>\n\n\n\n<p><\/p>\n\n\n\n<p><\/p>\n\n\n\n<p><\/p>\n\n\n\n<p><\/p>\n\n\n\n<p><\/p>\n\n\n\n<figure class=\"wp-block-image\"><img loading=\"lazy\" decoding=\"async\" width=\"1024\" height=\"576\" src=\"http:\/\/image-trackers.de\/wp-content\/uploads\/2019\/05\/20190510_5DM46515-HDR-1024x576.jpg\" alt=\"\" class=\"wp-image-117\" srcset=\"https:\/\/image-trackers.de\/wp-content\/uploads\/2019\/05\/20190510_5DM46515-HDR-1024x576.jpg 1024w, https:\/\/image-trackers.de\/wp-content\/uploads\/2019\/05\/20190510_5DM46515-HDR-300x169.jpg 300w, https:\/\/image-trackers.de\/wp-content\/uploads\/2019\/05\/20190510_5DM46515-HDR-768x432.jpg 768w, https:\/\/image-trackers.de\/wp-content\/uploads\/2019\/05\/20190510_5DM46515-HDR.jpg 1500w\" sizes=\"auto, (max-width: 767px) 89vw, (max-width: 1000px) 54vw, (max-width: 1071px) 543px, 580px\" \/><\/figure>\n\n\n\n<p class=\"has-large-font-size\">Call for Pictures<\/p>\n\n\n\n<p><strong>Liebe Fotografierende, <\/strong><strong><\/strong><\/p>\n\n\n\n<p>es ist geschafft<strong> \u201eimage-trackers\u201c &#8211; Die Pop-Up-Galerie f\u00fcr Fotografie<\/strong> hat die\nerste Ausstellung am 10. Mai 2019 in Dortmund-Brechten gestartet!<\/p>\n\n\n\n<p>Da es auch f\u00fcr uns hei\u00dft \u201enach dem Spiel ist vor dem Spiel\u201c, und der Start f\u00fcr die <strong>zweite Ausstellung<\/strong> f\u00fcr den 21. Juni geplant ist, hier unser Bewerb-ungsaufruf f\u00fcr die 2. Ausstellung in Dortmund Brechten! Die begleitende K\u00fcnstlerin aus dem Bereich Malerei wird dann <strong>Beate Wolf<\/strong> sein. Das Thema lautet diesmal: <\/p>\n\n\n\n<p><strong>\u201eFarbe trifft\nFotografie\u201c oder \u201ealles so sch\u00f6n bunt hier\u201c!<\/strong><\/p>\n\n\n\n<p>Gesucht\nwerden Fotoarbeiten, die sich mit Farbe\/Buntheit realistisch oder auch abstrakt\nauseinandersetzen!<\/p>\n\n\n\n<p><strong>Wer bei der n\u00e4chsten Ausstellung als Fotografin\/Fotograf ausstellen m\u00f6chte, meldet sich bitte mit seinen Vorschl\u00e4gen bis zum 25. Mai unter: <\/strong><a href=\"mailto:info@image-trackers.de\"><strong>info@image-trackers.de<\/strong><\/a><strong>! <\/strong><\/p>\n\n\n\n<p>Bitte schicken Sie uns ihre Bilderstrecke (max. 20 Fotos, als JPGs, 1500 x 1000 p) und eine kurze Vita zu ihren fotografischen Aktivit\u00e4ten.<\/p>\n\n\n\n<p><\/p>\n\n\n\n<p class=\"has-large-font-size\">Das Pop-Up-Studio startet!<\/p>\n\n\n\n<p>Dar\u00fcber hinaus steht ab sofort unser Pop-Up-Fotostudio f\u00fcr Foto-Sessions zur Verf\u00fcgung. Sie k\u00f6nnen das Studio gegen eine Nutzungspauschale halb- oder ganztags buchen!<\/p>\n\n\n\n<p class=\"has-text-color has-vivid-red-color\">Anfragen und Buchungen unter: info@image-trackers.de<\/p>\n\n\n\n<p>Da wir unsere Pop-Up-Galerie auch neben den Ausstellungen\nmit Leben f\u00fcllen wollen, werden wir dort in K\u00fcrze Workshops und Seminare rund\num das Thema Fotografie anbieten! Geplant sind momentan folgende Workshops:<\/p>\n\n\n\n<p>Einf\u00fchrung in die Studiofotografie (max. 8 Teilnehmer)<\/p>\n\n\n\n<p>Produktfotografie (max. 8 Teilnehmer)<\/p>\n\n\n\n<p>Modell-Shootings (max. 6 Teilnehmer)<\/p>\n\n\n\n<p class=\"has-text-color has-vivid-red-color\">Die Workshops laufen jeweils von 10 bis 18 Uhr, weitere Informationen und Anmeldung unter: <strong>info@image-trackers.de<\/strong><\/p>\n\n\n\n<p><\/p>\n\n\n\n<p><\/p>\n\n\n\n<p><\/p>\n\n\n\n<figure class=\"wp-block-image\"><img decoding=\"async\" src=\"http:\/\/image-trackers.de\/wp-content\/uploads\/2019\/05\/Plakat-06-1.jpg\" alt=\"\" class=\"wp-image-141\"\/><\/figure>\n\n\n\n<p><\/p>\n\n\n\n<p><\/p>\n\n\n\n<p><\/p>\n\n\n<p><strong>Liebe Fotografierende, <\/strong><\/p>\n<p>es ist soweit<strong> \u201e<\/strong><strong>image<\/strong><strong>&#8211;<\/strong><strong>trackers<\/strong><strong>\u201c<\/strong> <strong>&#8211; Die Pop-Up-Galerie f\u00fcr Fotografie<\/strong><\/p>\n<p>startet mit ihrem ersten Projekt am 10. Mai 2019 in Dortmund-Brechten!<\/p>\n<p>Da wir die erste Location sechs Monate nutzen k\u00f6nnen, soll es dort insgesamt drei thematisch unterschiedliche Ausstellungen geben!<\/p>\n<p><strong>Die erste Ausstellung l\u00e4uft vom 10. Mai bis zum 15. Juni 2019!<br><\/strong><\/p>\n<p>Thema: Street-Fotografie\/Ruhrgebietslandschaften. Als Gast aus dem Bereich Malerei wird G\u00fcnter R\u00fcckert Bilder aus seinem Zyklus Ruhrgebietslandschaften ausstellen!<\/p>\n<p><\/p>\n<p>Der Start f\u00fcr die <strong>zweite Ausstellung<\/strong> <strong>ist f\u00fcr den 21. Juni<\/strong> geplant. Die begleitende K\u00fcnstlerin wird Beate Wolf sein. Das Thema: \u201eFarbe trifft Fotografie\u201c.<\/p>\n<p><strong>Wer bei unserer Pop-Up-Fotogalerie mitmachen will, meldet sich unter: info@image-trackers.de<\/strong><\/p>\n<p><\/p>\n\n\n<p><\/p>\n\n\n\n<p class=\"has-large-font-size\">Einladung!<\/p>\n\n\n\n<figure class=\"wp-block-image\"><img decoding=\"async\" src=\"http:\/\/image-trackers.de\/wp-content\/uploads\/2019\/05\/Einladung_01-724x1024.jpg\" alt=\"\" class=\"wp-image-94\"\/><\/figure>\n","protected":false},"excerpt":{"rendered":"<p>Aktionen, Fotogespr\u00e4che und Work-Shops Die Teilnehmerzahl bei den Work-Shops ist auf max. 8 Teilnehmer, die Model-Shootings auf 6 Teilnehmer begrenzt! Dauer der Work-Shops: 11 bis ca. 18 Uhr Kosten: 39 \u20ac pro Teilnehmer Model-Shootings: 25 \u20ac zuz\u00fcglich Anteil Model-Kosten Termine: Sa&nbsp;&nbsp;&nbsp;&nbsp;&nbsp;&nbsp;&nbsp;&nbsp; 05.07.2019&nbsp;&nbsp;&nbsp;&nbsp;&nbsp;&nbsp;&nbsp;&nbsp;&nbsp;&nbsp;&nbsp;&nbsp;&nbsp;&nbsp;&nbsp;&nbsp;&nbsp;&nbsp;&nbsp;&nbsp;&nbsp; Modell-Shooting im Studio Sa&nbsp;&nbsp;&nbsp;&nbsp;&nbsp;&nbsp;&nbsp;&nbsp; 13.07.2019&nbsp;&nbsp;&nbsp;&nbsp;&nbsp;&nbsp;&nbsp;&nbsp;&nbsp;&nbsp;&nbsp;&nbsp;&nbsp;&nbsp;&nbsp;&nbsp;&nbsp;&nbsp;&nbsp;&nbsp;&nbsp; Einf. in die Produktfotografie Call for Pictures Liebe &hellip; <\/p>\n<p class=\"link-more\"><a href=\"https:\/\/image-trackers.de\/?page_id=2\" class=\"more-link\"><span class=\"screen-reader-text\">\u201eEvents\u201c <\/span>weiterlesen<\/a><\/p>\n","protected":false},"author":1,"featured_media":0,"parent":0,"menu_order":30,"comment_status":"closed","ping_status":"closed","template":"","meta":{"footnotes":""},"class_list":["post-2","page","type-page","status-publish","hentry"],"_links":{"self":[{"href":"https:\/\/image-trackers.de\/index.php?rest_route=\/wp\/v2\/pages\/2","targetHints":{"allow":["GET"]}}],"collection":[{"href":"https:\/\/image-trackers.de\/index.php?rest_route=\/wp\/v2\/pages"}],"about":[{"href":"https:\/\/image-trackers.de\/index.php?rest_route=\/wp\/v2\/types\/page"}],"author":[{"embeddable":true,"href":"https:\/\/image-trackers.de\/index.php?rest_route=\/wp\/v2\/users\/1"}],"replies":[{"embeddable":true,"href":"https:\/\/image-trackers.de\/index.php?rest_route=%2Fwp%2Fv2%2Fcomments&post=2"}],"version-history":[{"count":14,"href":"https:\/\/image-trackers.de\/index.php?rest_route=\/wp\/v2\/pages\/2\/revisions"}],"predecessor-version":[{"id":196,"href":"https:\/\/image-trackers.de\/index.php?rest_route=\/wp\/v2\/pages\/2\/revisions\/196"}],"wp:attachment":[{"href":"https:\/\/image-trackers.de\/index.php?rest_route=%2Fwp%2Fv2%2Fmedia&parent=2"}],"curies":[{"name":"wp","href":"https:\/\/api.w.org\/{rel}","templated":true}]}}