{"id":32,"date":"2019-04-21T14:59:42","date_gmt":"2019-04-21T14:59:42","guid":{"rendered":"http:\/\/image-trackers.de\/?page_id=32"},"modified":"2019-06-08T22:44:20","modified_gmt":"2019-06-08T22:44:20","slug":"location","status":"publish","type":"page","link":"https:\/\/image-trackers.de\/?page_id=32","title":{"rendered":"Location"},"content":{"rendered":"\n<p>Am 18.04.2019 haben wir die Schl\u00fcssel f\u00fcr unsere erste Loocation erhalten, und die Vorbereitungen f\u00fcr die erste Ausstellung k\u00f6nnen beginnen! <\/p>\n\n\n\n<p><strong>Unsere erste Ausstellung findet statt im Maienweg 2-4, in 44339 Dortmund-Brechten. <\/strong><\/p>\n\n\n\n<p>Hier einige Fotos von der Location im &#8222;Rohzustand&#8220;!<\/p>\n\n\n\n<figure class=\"wp-block-image\"><img loading=\"lazy\" decoding=\"async\" width=\"884\" height=\"561\" src=\"http:\/\/image-trackers.de\/wp-content\/uploads\/2019\/04\/Location-Brechten01.jpg\" alt=\"\" class=\"wp-image-41\" srcset=\"https:\/\/image-trackers.de\/wp-content\/uploads\/2019\/04\/Location-Brechten01.jpg 884w, https:\/\/image-trackers.de\/wp-content\/uploads\/2019\/04\/Location-Brechten01-300x190.jpg 300w, https:\/\/image-trackers.de\/wp-content\/uploads\/2019\/04\/Location-Brechten01-768x487.jpg 768w\" sizes=\"auto, (max-width: 767px) 89vw, (max-width: 1000px) 54vw, (max-width: 1071px) 543px, 580px\" \/><\/figure>\n\n\n\n<figure class=\"wp-block-image\"><img loading=\"lazy\" decoding=\"async\" width=\"902\" height=\"602\" src=\"http:\/\/image-trackers.de\/wp-content\/uploads\/2019\/04\/Location-Brechten02.jpg\" alt=\"\" class=\"wp-image-42\" srcset=\"https:\/\/image-trackers.de\/wp-content\/uploads\/2019\/04\/Location-Brechten02.jpg 902w, https:\/\/image-trackers.de\/wp-content\/uploads\/2019\/04\/Location-Brechten02-300x200.jpg 300w, https:\/\/image-trackers.de\/wp-content\/uploads\/2019\/04\/Location-Brechten02-768x513.jpg 768w\" sizes=\"auto, (max-width: 767px) 89vw, (max-width: 1000px) 54vw, (max-width: 1071px) 543px, 580px\" \/><\/figure>\n\n\n\n<ul class=\"wp-block-gallery columns-3 is-cropped wp-block-gallery-1 is-layout-flex wp-block-gallery-is-layout-flex\"><li class=\"blocks-gallery-item\"><figure><img loading=\"lazy\" decoding=\"async\" width=\"879\" height=\"602\" src=\"http:\/\/image-trackers.de\/wp-content\/uploads\/2019\/04\/Location-Brechten03.jpg\" alt=\"\" data-id=\"33\" data-link=\"http:\/\/image-trackers.de\/?attachment_id=33\" class=\"wp-image-33\" srcset=\"https:\/\/image-trackers.de\/wp-content\/uploads\/2019\/04\/Location-Brechten03.jpg 879w, https:\/\/image-trackers.de\/wp-content\/uploads\/2019\/04\/Location-Brechten03-300x205.jpg 300w, https:\/\/image-trackers.de\/wp-content\/uploads\/2019\/04\/Location-Brechten03-768x526.jpg 768w\" sizes=\"auto, (max-width: 767px) 89vw, (max-width: 1000px) 54vw, (max-width: 1071px) 543px, 580px\" \/><\/figure><\/li><li class=\"blocks-gallery-item\"><figure><img loading=\"lazy\" decoding=\"async\" width=\"902\" height=\"602\" src=\"http:\/\/image-trackers.de\/wp-content\/uploads\/2019\/04\/Location-Brechten06.jpg\" alt=\"\" data-id=\"36\" data-link=\"http:\/\/image-trackers.de\/?attachment_id=36\" class=\"wp-image-36\" srcset=\"https:\/\/image-trackers.de\/wp-content\/uploads\/2019\/04\/Location-Brechten06.jpg 902w, https:\/\/image-trackers.de\/wp-content\/uploads\/2019\/04\/Location-Brechten06-300x200.jpg 300w, https:\/\/image-trackers.de\/wp-content\/uploads\/2019\/04\/Location-Brechten06-768x513.jpg 768w\" sizes=\"auto, (max-width: 767px) 89vw, (max-width: 1000px) 54vw, (max-width: 1071px) 543px, 580px\" \/><\/figure><\/li><li class=\"blocks-gallery-item\"><figure><img loading=\"lazy\" decoding=\"async\" width=\"902\" height=\"602\" src=\"http:\/\/image-trackers.de\/wp-content\/uploads\/2019\/04\/Location-Brechten05.jpg\" alt=\"\" data-id=\"35\" data-link=\"http:\/\/image-trackers.de\/?attachment_id=35\" class=\"wp-image-35\" srcset=\"https:\/\/image-trackers.de\/wp-content\/uploads\/2019\/04\/Location-Brechten05.jpg 902w, https:\/\/image-trackers.de\/wp-content\/uploads\/2019\/04\/Location-Brechten05-300x200.jpg 300w, https:\/\/image-trackers.de\/wp-content\/uploads\/2019\/04\/Location-Brechten05-768x513.jpg 768w\" sizes=\"auto, (max-width: 767px) 89vw, (max-width: 1000px) 54vw, (max-width: 1071px) 543px, 580px\" \/><\/figure><\/li><li class=\"blocks-gallery-item\"><figure><img loading=\"lazy\" decoding=\"async\" width=\"902\" height=\"602\" src=\"http:\/\/image-trackers.de\/wp-content\/uploads\/2019\/04\/Location-Brechten04.jpg\" alt=\"\" data-id=\"34\" data-link=\"http:\/\/image-trackers.de\/?attachment_id=34\" class=\"wp-image-34\" srcset=\"https:\/\/image-trackers.de\/wp-content\/uploads\/2019\/04\/Location-Brechten04.jpg 902w, https:\/\/image-trackers.de\/wp-content\/uploads\/2019\/04\/Location-Brechten04-300x200.jpg 300w, https:\/\/image-trackers.de\/wp-content\/uploads\/2019\/04\/Location-Brechten04-768x513.jpg 768w\" sizes=\"auto, (max-width: 767px) 89vw, (max-width: 1000px) 54vw, (max-width: 1071px) 543px, 580px\" \/><\/figure><\/li><li class=\"blocks-gallery-item\"><figure><img loading=\"lazy\" decoding=\"async\" width=\"902\" height=\"602\" src=\"http:\/\/image-trackers.de\/wp-content\/uploads\/2019\/04\/Location-Brechten09.jpg\" alt=\"\" data-id=\"39\" data-link=\"http:\/\/image-trackers.de\/?attachment_id=39\" class=\"wp-image-39\" srcset=\"https:\/\/image-trackers.de\/wp-content\/uploads\/2019\/04\/Location-Brechten09.jpg 902w, https:\/\/image-trackers.de\/wp-content\/uploads\/2019\/04\/Location-Brechten09-300x200.jpg 300w, https:\/\/image-trackers.de\/wp-content\/uploads\/2019\/04\/Location-Brechten09-768x513.jpg 768w\" sizes=\"auto, (max-width: 767px) 89vw, (max-width: 1000px) 54vw, (max-width: 1071px) 543px, 580px\" \/><\/figure><\/li><li class=\"blocks-gallery-item\"><figure><img loading=\"lazy\" decoding=\"async\" width=\"902\" height=\"602\" src=\"http:\/\/image-trackers.de\/wp-content\/uploads\/2019\/04\/Location-Brechten08.jpg\" alt=\"\" data-id=\"38\" data-link=\"http:\/\/image-trackers.de\/?attachment_id=38\" class=\"wp-image-38\" srcset=\"https:\/\/image-trackers.de\/wp-content\/uploads\/2019\/04\/Location-Brechten08.jpg 902w, https:\/\/image-trackers.de\/wp-content\/uploads\/2019\/04\/Location-Brechten08-300x200.jpg 300w, https:\/\/image-trackers.de\/wp-content\/uploads\/2019\/04\/Location-Brechten08-768x513.jpg 768w\" sizes=\"auto, (max-width: 767px) 89vw, (max-width: 1000px) 54vw, (max-width: 1071px) 543px, 580px\" \/><\/figure><\/li><li class=\"blocks-gallery-item\"><figure><img loading=\"lazy\" decoding=\"async\" width=\"902\" height=\"602\" src=\"http:\/\/image-trackers.de\/wp-content\/uploads\/2019\/04\/Location-Brechten07.jpg\" alt=\"\" data-id=\"37\" data-link=\"http:\/\/image-trackers.de\/?attachment_id=37\" class=\"wp-image-37\" srcset=\"https:\/\/image-trackers.de\/wp-content\/uploads\/2019\/04\/Location-Brechten07.jpg 902w, https:\/\/image-trackers.de\/wp-content\/uploads\/2019\/04\/Location-Brechten07-300x200.jpg 300w, https:\/\/image-trackers.de\/wp-content\/uploads\/2019\/04\/Location-Brechten07-768x513.jpg 768w\" sizes=\"auto, (max-width: 767px) 89vw, (max-width: 1000px) 54vw, (max-width: 1071px) 543px, 580px\" \/><\/figure><\/li><\/ul>\n","protected":false},"excerpt":{"rendered":"<p>Am 18.04.2019 haben wir die Schl\u00fcssel f\u00fcr unsere erste Loocation erhalten, und die Vorbereitungen f\u00fcr die erste Ausstellung k\u00f6nnen beginnen! Unsere erste Ausstellung findet statt im Maienweg 2-4, in 44339 Dortmund-Brechten. Hier einige Fotos von der Location im &#8222;Rohzustand&#8220;!<\/p>\n","protected":false},"author":1,"featured_media":0,"parent":0,"menu_order":50,"comment_status":"closed","ping_status":"closed","template":"","meta":{"footnotes":""},"class_list":["post-32","page","type-page","status-publish","hentry"],"_links":{"self":[{"href":"https:\/\/image-trackers.de\/index.php?rest_route=\/wp\/v2\/pages\/32","targetHints":{"allow":["GET"]}}],"collection":[{"href":"https:\/\/image-trackers.de\/index.php?rest_route=\/wp\/v2\/pages"}],"about":[{"href":"https:\/\/image-trackers.de\/index.php?rest_route=\/wp\/v2\/types\/page"}],"author":[{"embeddable":true,"href":"https:\/\/image-trackers.de\/index.php?rest_route=\/wp\/v2\/users\/1"}],"replies":[{"embeddable":true,"href":"https:\/\/image-trackers.de\/index.php?rest_route=%2Fwp%2Fv2%2Fcomments&post=32"}],"version-history":[{"count":3,"href":"https:\/\/image-trackers.de\/index.php?rest_route=\/wp\/v2\/pages\/32\/revisions"}],"predecessor-version":[{"id":170,"href":"https:\/\/image-trackers.de\/index.php?rest_route=\/wp\/v2\/pages\/32\/revisions\/170"}],"wp:attachment":[{"href":"https:\/\/image-trackers.de\/index.php?rest_route=%2Fwp%2Fv2%2Fmedia&parent=32"}],"curies":[{"name":"wp","href":"https:\/\/api.w.org\/{rel}","templated":true}]}}