{"id":53,"date":"2019-04-21T15:35:18","date_gmt":"2019-04-21T15:35:18","guid":{"rendered":"http:\/\/image-trackers.de\/?page_id=53"},"modified":"2019-06-08T22:44:32","modified_gmt":"2019-06-08T22:44:32","slug":"unser-konzept","status":"publish","type":"page","link":"https:\/\/image-trackers.de\/?page_id=53","title":{"rendered":"Unser Konzept\/Initiator"},"content":{"rendered":"\n<p><strong>\u201eimage-trackers\u201c <\/strong>wird das Thema Fotografie in seinen Ausstellungen im Kontext zu anderen darstellenden Kunstformen behandeln. Grunds\u00e4tzlich wird es daher einen \u201eSidekick\u201c z.B. aus dem Bereich Malerei, zum eigentlichen Foto-Portfolio in der Ausstellung geben. <\/p>\n\n\n\n<p>Neben den Beiden, \u00fcber den Ausstellungszeitraum dauerhaften Bilder-Pr\u00e4sentationen, gibt es weitere, tempor\u00e4re Aktionen und Events wie Musik, Lesungen, Fotosessions, Diskussionsabende, sowie Info-Veranstaltungen zum Thema Fotografie. Diese Aktionen finden in der Location auf s.g.\u00a0 \u201eStages\u201c, also in festgelegten Bereichen der Ausstellung statt. Falls m\u00f6glich werden auch dauerhafte \u201eStages\u201c eingerichtet, auf denen spezielle Aktionen mit den Besuchern stattfinden k\u00f6nnen. Ab Ausstellungsbeginn wird es daher in Dortmund-Brechten ein Fotostudio mit Blitzanlage, Hintergr\u00fcnde usw. f\u00fcr Aktionen mit den Besuchern geben! Dar\u00fcber hinaus kann das &#8222;Foto-Studio&#8220; von den Fotografierenden, die bei &#8222;image-trackers&#8220; an-gemeldet sind, f\u00fcr Fotosessions genutzt werden!<\/p>\n\n\n\n<p><\/p>\n\n\n\n<p class=\"has-large-font-size\"><strong>Initiator\/Veranstalter\/Kurator<\/strong><\/p>\n\n\n\n<figure class=\"wp-block-image is-resized\"><img loading=\"lazy\" decoding=\"async\" src=\"http:\/\/image-trackers.de\/wp-content\/uploads\/2019\/05\/Dieter_Anschn1.jpg\" alt=\"\" class=\"wp-image-131\" width=\"308\" height=\"338\" srcset=\"https:\/\/image-trackers.de\/wp-content\/uploads\/2019\/05\/Dieter_Anschn1.jpg 900w, https:\/\/image-trackers.de\/wp-content\/uploads\/2019\/05\/Dieter_Anschn1-274x300.jpg 274w, https:\/\/image-trackers.de\/wp-content\/uploads\/2019\/05\/Dieter_Anschn1-768x842.jpg 768w\" sizes=\"auto, (max-width: 308px) 100vw, 308px\" \/><\/figure>\n\n\n\n<h2 class=\"wp-block-heading\">Dieter Doeblin M.A.<\/h2>\n\n\n\n<p>Initiator von \u201eimage-trackers\u201c \u2013 Die Pop-Up-Galerie\nf\u00fcr Fotografie ist Dieter Doeblin. Er ist Veranstalter und Kurator. Seine\nVision ist es, Fotografien wieder aus der \u201eUnendlichkeit des Digitalen\u201c\nzur\u00fcckzuholen, und sie dem Betrachter wieder haptisch, also wie fr\u00fcher als\nPapierbild, erfahrbar zu machen. Anders ausgedr\u00fcckt, \u201eimage-trackers\u201c will\nFotos vom Monitor wieder aufs Papier bringen, und diese Papier-Bilder der\n\u00d6ffentlichkeit pr\u00e4sentieren.<\/p>\n\n\n\n<p>Dieter\nDoeblin begann mit zw\u00f6lf Jahren mit dem Fotografieren und wollte eigentlich\nimmer Kameramann werden. Aber es kam dann (fast) alles anders. Nach einer\ntechnischen und handwerklichen Grundausbildung und einigen Praxisjahren, folgte\nein weitere Studium in Publizistik und Kommunikationswissenschaften,\nGermanistik und Philosophie mit dem Abschluss Magister in Bochum. Da ihn aber\ndie Kamera und Fotografie an sich weiterhin faszinierte, engagierte er sich ab\n1973 neben dem Studium in der Jugendarbeit und Erwachsenenbildung (VHS). Dort\ngab er 11 Jahre lang Fotokurse f\u00fcr Jugendliche und Erwachsene. Neben der Arbeit\nim Bereich elektronische Medien engagierte sich Dieter Doeblin auch in der\nTheaterszene. In den Jahren 1976 und 1977 war er neben seinem Studium am\nKindertheater Dortmund engagiert. Anschlie\u00dfend machte er Studentenkabarett und\n1978 war er Mitbegr\u00fcnder der deutschlandweit bekannten freien Theatergruppe\n\u201eRocktheater Nachtschicht\u201c.<\/p>\n\n\n\n<p>Ab 1983\nfolgten unz\u00e4hlige Fernseh-, Film- und Studioproduktionen &#8211; vom Sport, \u00fcber\nDokumentationen und Aktuelles, bis hin zu Spielsendungen. In den Jahren\n1990\/1991 gab er an der Ruhruniversit\u00e4t Bochum als Gastdozent Seminare zu den\nThemen \u201eProduktion von Live-Sendungen\u201c sowie \u201eKonzeption und Realisierung von\nSpielsendungen im TV\u201c. Ab 1994 wandte er sich den Printmedien zu, und arbeitete\nals Fachredakteur im &#8222;Special-Interest-Bereich&#8220;. Seit Anfang der 90er\nJahre gab es&nbsp;zahlreiche Ver\u00f6ffentlichungen in den Sparten Motorsport und\nAutomobiltechnik in verschiedenen Fachzeitschriften. Eine erste\nBuchver\u00f6ffentlichung erfolgte dann 1995 mit \u201eKarting en Detail\u201c. Ab dem Jahr\n1995 entwickelte und betreute er die Technik-Seiten in der Zeitschrift\n\u201eMotorsport-XL\u201c. Es folgte ab 2002 eine 3-B\u00e4ndige Reihe zum Thema Auto-Tuning\n(VW-Golf, 3er BMW und Ford Focus) und 2005 und 2008 zwei weitere B\u00fccher zum\nKart-Renn-Sport. Seit 2008 besch\u00e4ftigte er sich auch wieder verst\u00e4rkt mit der\nBewegtbildkommunikation, schrieb Storys, Drehb\u00fccher und f\u00fchrte Regie. Dieter\nDoeblin arbeitet seit \u00fcber 40 Jahren als freier Autor, Redakteur und Regisseur.\nNeben der Autorent\u00e4tigkeit im Print- und Filmbereich entwickelte er f\u00fcr\nverschiedene Agenturen auch Konzepte zu Multi- und CrossMedia-Aktionen. Seit\neiniger Zeit besch\u00e4ftigt er sich wieder verst\u00e4rkt mit der Fotografie, schreibt\nKriminalromane und entwickelt TV-Formate.<\/p>\n","protected":false},"excerpt":{"rendered":"<p>\u201eimage-trackers\u201c wird das Thema Fotografie in seinen Ausstellungen im Kontext zu anderen darstellenden Kunstformen behandeln. Grunds\u00e4tzlich wird es daher einen \u201eSidekick\u201c z.B. aus dem Bereich Malerei, zum eigentlichen Foto-Portfolio in der Ausstellung geben. Neben den Beiden, \u00fcber den Ausstellungszeitraum dauerhaften Bilder-Pr\u00e4sentationen, gibt es weitere, tempor\u00e4re Aktionen und Events wie Musik, Lesungen, Fotosessions, Diskussionsabende, sowie Info-Veranstaltungen &hellip; <\/p>\n<p class=\"link-more\"><a href=\"https:\/\/image-trackers.de\/?page_id=53\" class=\"more-link\"><span class=\"screen-reader-text\">\u201eUnser Konzept\/Initiator\u201c <\/span>weiterlesen<\/a><\/p>\n","protected":false},"author":1,"featured_media":0,"parent":0,"menu_order":60,"comment_status":"closed","ping_status":"closed","template":"","meta":{"footnotes":""},"class_list":["post-53","page","type-page","status-publish","hentry"],"_links":{"self":[{"href":"https:\/\/image-trackers.de\/index.php?rest_route=\/wp\/v2\/pages\/53","targetHints":{"allow":["GET"]}}],"collection":[{"href":"https:\/\/image-trackers.de\/index.php?rest_route=\/wp\/v2\/pages"}],"about":[{"href":"https:\/\/image-trackers.de\/index.php?rest_route=\/wp\/v2\/types\/page"}],"author":[{"embeddable":true,"href":"https:\/\/image-trackers.de\/index.php?rest_route=\/wp\/v2\/users\/1"}],"replies":[{"embeddable":true,"href":"https:\/\/image-trackers.de\/index.php?rest_route=%2Fwp%2Fv2%2Fcomments&post=53"}],"version-history":[{"count":2,"href":"https:\/\/image-trackers.de\/index.php?rest_route=\/wp\/v2\/pages\/53\/revisions"}],"predecessor-version":[{"id":133,"href":"https:\/\/image-trackers.de\/index.php?rest_route=\/wp\/v2\/pages\/53\/revisions\/133"}],"wp:attachment":[{"href":"https:\/\/image-trackers.de\/index.php?rest_route=%2Fwp%2Fv2%2Fmedia&parent=53"}],"curies":[{"name":"wp","href":"https:\/\/api.w.org\/{rel}","templated":true}]}}